{"id":3180,"date":"2020-08-19T18:57:45","date_gmt":"2020-08-19T17:57:45","guid":{"rendered":"http:\/\/www.efg-siegen-weidenau.de\/start\/?page_id=3180"},"modified":"2020-08-20T08:14:42","modified_gmt":"2020-08-20T07:14:42","slug":"tisch","status":"publish","type":"page","link":"http:\/\/www.efg-siegen-weidenau.de\/start\/tisch\/","title":{"rendered":"Nutzung des Tisches im Foyer f\u00fcr kleine Gruppen"},"content":{"rendered":"<h3>Bitte bei der Nutzung des Tisches im Foyer f\u00fcr kleine Gruppen folgendes beachten<\/h3>\n<ul>\n<li>max. 12 Personen<\/li>\n<li>St\u00fchle wie auf den Fotos benutzen und dort bitte stehen lassen<\/li>\n<li>Abst\u00e4nde der St\u00fchle 1,5 m<\/li>\n<li>Pl\u00e4tze mit dem Hinweis &#8222;FREILASSEN&#8220; nicht nutzen<\/li>\n<\/ul>\n<p>erg\u00e4nzend gelten die im Gemeindehaus ausgeh\u00e4ngten Hygieneregeln, sowie die Dokumentation der anwesenden Personen.<\/p>\n<p>Reservierung der Tische f\u00fcr eine Veranstaltung ist unter <a href=\"mailto:buero@efg-siegen-weidenau.de\">buero@efg-siegen-weidenau.de<\/a> m\u00f6glich, oder direkt bei Susanne Merkelbach oder Pastorin Carmen Seehafer.<\/p>\n<p><a href=\"http:\/\/www.efg-siegen-weidenau.de\/start\/wp-content\/uploads\/2020\/08\/coronatisch2.jpg\"><img loading=\"lazy\" class=\"alignnone wp-image-3181\" src=\"http:\/\/www.efg-siegen-weidenau.de\/start\/wp-content\/uploads\/2020\/08\/coronatisch2-768x1024.jpg\" alt=\"\" width=\"500\" height=\"667\" srcset=\"http:\/\/www.efg-siegen-weidenau.de\/start\/wp-content\/uploads\/2020\/08\/coronatisch2-768x1024.jpg 768w, http:\/\/www.efg-siegen-weidenau.de\/start\/wp-content\/uploads\/2020\/08\/coronatisch2-225x300.jpg 225w, http:\/\/www.efg-siegen-weidenau.de\/start\/wp-content\/uploads\/2020\/08\/coronatisch2.jpg 1560w\" sizes=\"(max-width: 500px) 100vw, 500px\" \/><\/a> <a href=\"http:\/\/www.efg-siegen-weidenau.de\/start\/wp-content\/uploads\/2020\/08\/coronatisch3.jpg\"><img loading=\"lazy\" class=\"alignnone wp-image-3182\" src=\"http:\/\/www.efg-siegen-weidenau.de\/start\/wp-content\/uploads\/2020\/08\/coronatisch3-768x1024.jpg\" alt=\"\" width=\"500\" height=\"667\" srcset=\"http:\/\/www.efg-siegen-weidenau.de\/start\/wp-content\/uploads\/2020\/08\/coronatisch3-768x1024.jpg 768w, http:\/\/www.efg-siegen-weidenau.de\/start\/wp-content\/uploads\/2020\/08\/coronatisch3-225x300.jpg 225w, http:\/\/www.efg-siegen-weidenau.de\/start\/wp-content\/uploads\/2020\/08\/coronatisch3.jpg 1560w\" sizes=\"(max-width: 500px) 100vw, 500px\" \/><\/a> <a href=\"http:\/\/www.efg-siegen-weidenau.de\/start\/wp-content\/uploads\/2020\/08\/coronatisch4.jpg\"><img loading=\"lazy\" class=\"alignnone wp-image-3183\" src=\"http:\/\/www.efg-siegen-weidenau.de\/start\/wp-content\/uploads\/2020\/08\/coronatisch4-768x1024.jpg\" alt=\"\" width=\"500\" height=\"667\" srcset=\"http:\/\/www.efg-siegen-weidenau.de\/start\/wp-content\/uploads\/2020\/08\/coronatisch4-768x1024.jpg 768w, http:\/\/www.efg-siegen-weidenau.de\/start\/wp-content\/uploads\/2020\/08\/coronatisch4-225x300.jpg 225w, http:\/\/www.efg-siegen-weidenau.de\/start\/wp-content\/uploads\/2020\/08\/coronatisch4.jpg 1560w\" sizes=\"(max-width: 500px) 100vw, 500px\" \/><\/a> <a href=\"http:\/\/www.efg-siegen-weidenau.de\/start\/wp-content\/uploads\/2020\/08\/coronatisch5.jpg\"><img loading=\"lazy\" class=\"alignnone wp-image-3184\" src=\"http:\/\/www.efg-siegen-weidenau.de\/start\/wp-content\/uploads\/2020\/08\/coronatisch5-768x1024.jpg\" alt=\"\" width=\"500\" height=\"667\" srcset=\"http:\/\/www.efg-siegen-weidenau.de\/start\/wp-content\/uploads\/2020\/08\/coronatisch5-768x1024.jpg 768w, http:\/\/www.efg-siegen-weidenau.de\/start\/wp-content\/uploads\/2020\/08\/coronatisch5-225x300.jpg 225w, http:\/\/www.efg-siegen-weidenau.de\/start\/wp-content\/uploads\/2020\/08\/coronatisch5.jpg 1560w\" sizes=\"(max-width: 500px) 100vw, 500px\" \/><\/a> <a href=\"http:\/\/www.efg-siegen-weidenau.de\/start\/wp-content\/uploads\/2020\/08\/coronatisch6.jpg\"><img loading=\"lazy\" class=\"alignnone wp-image-3185\" src=\"http:\/\/www.efg-siegen-weidenau.de\/start\/wp-content\/uploads\/2020\/08\/coronatisch6-768x1024.jpg\" alt=\"\" width=\"500\" height=\"667\" srcset=\"http:\/\/www.efg-siegen-weidenau.de\/start\/wp-content\/uploads\/2020\/08\/coronatisch6-768x1024.jpg 768w, http:\/\/www.efg-siegen-weidenau.de\/start\/wp-content\/uploads\/2020\/08\/coronatisch6-225x300.jpg 225w, http:\/\/www.efg-siegen-weidenau.de\/start\/wp-content\/uploads\/2020\/08\/coronatisch6.jpg 1560w\" sizes=\"(max-width: 500px) 100vw, 500px\" \/><\/a> <a href=\"http:\/\/www.efg-siegen-weidenau.de\/start\/wp-content\/uploads\/2020\/08\/coronatisch7.jpg\"><img loading=\"lazy\" class=\"alignnone wp-image-3186\" src=\"http:\/\/www.efg-siegen-weidenau.de\/start\/wp-content\/uploads\/2020\/08\/coronatisch7-768x1024.jpg\" alt=\"\" width=\"500\" height=\"667\" srcset=\"http:\/\/www.efg-siegen-weidenau.de\/start\/wp-content\/uploads\/2020\/08\/coronatisch7-768x1024.jpg 768w, http:\/\/www.efg-siegen-weidenau.de\/start\/wp-content\/uploads\/2020\/08\/coronatisch7-225x300.jpg 225w, http:\/\/www.efg-siegen-weidenau.de\/start\/wp-content\/uploads\/2020\/08\/coronatisch7.jpg 1560w\" sizes=\"(max-width: 500px) 100vw, 500px\" \/><\/a> <a href=\"http:\/\/www.efg-siegen-weidenau.de\/start\/wp-content\/uploads\/2020\/08\/coronatisch8.jpg\"><img loading=\"lazy\" class=\"alignnone wp-image-3187\" src=\"http:\/\/www.efg-siegen-weidenau.de\/start\/wp-content\/uploads\/2020\/08\/coronatisch8-768x1024.jpg\" alt=\"\" width=\"500\" height=\"667\" srcset=\"http:\/\/www.efg-siegen-weidenau.de\/start\/wp-content\/uploads\/2020\/08\/coronatisch8-768x1024.jpg 768w, http:\/\/www.efg-siegen-weidenau.de\/start\/wp-content\/uploads\/2020\/08\/coronatisch8-225x300.jpg 225w, http:\/\/www.efg-siegen-weidenau.de\/start\/wp-content\/uploads\/2020\/08\/coronatisch8.jpg 1560w\" sizes=\"(max-width: 500px) 100vw, 500px\" \/><\/a> <a href=\"http:\/\/www.efg-siegen-weidenau.de\/start\/wp-content\/uploads\/2020\/08\/coronatisch9.jpg\"><img loading=\"lazy\" class=\"alignnone wp-image-3188\" src=\"http:\/\/www.efg-siegen-weidenau.de\/start\/wp-content\/uploads\/2020\/08\/coronatisch9-768x1024.jpg\" alt=\"\" width=\"500\" height=\"667\" srcset=\"http:\/\/www.efg-siegen-weidenau.de\/start\/wp-content\/uploads\/2020\/08\/coronatisch9-768x1024.jpg 768w, http:\/\/www.efg-siegen-weidenau.de\/start\/wp-content\/uploads\/2020\/08\/coronatisch9-225x300.jpg 225w, http:\/\/www.efg-siegen-weidenau.de\/start\/wp-content\/uploads\/2020\/08\/coronatisch9.jpg 1560w\" sizes=\"(max-width: 500px) 100vw, 500px\" \/><\/a><\/p>\n","protected":false},"excerpt":{"rendered":"<p>Bitte bei der Nutzung des Tisches im Foyer f\u00fcr kleine Gruppen folgendes beachten max. 12 Personen St\u00fchle wie auf den Fotos benutzen und dort bitte stehen lassen Abst\u00e4nde der St\u00fchle (&hellip;) <a href=\"http:\/\/www.efg-siegen-weidenau.de\/start\/tisch\/\">Weiterlesen<\/a><\/p>\n","protected":false},"author":1,"featured_media":0,"parent":0,"menu_order":0,"comment_status":"closed","ping_status":"closed","template":"","meta":{"_bbp_topic_count":0,"_bbp_reply_count":0,"_bbp_total_topic_count":0,"_bbp_total_reply_count":0,"_bbp_voice_count":0,"_bbp_anonymous_reply_count":0,"_bbp_topic_count_hidden":0,"_bbp_reply_count_hidden":0,"_bbp_forum_subforum_count":0},"_links":{"self":[{"href":"http:\/\/www.efg-siegen-weidenau.de\/start\/wp-json\/wp\/v2\/pages\/3180"}],"collection":[{"href":"http:\/\/www.efg-siegen-weidenau.de\/start\/wp-json\/wp\/v2\/pages"}],"about":[{"href":"http:\/\/www.efg-siegen-weidenau.de\/start\/wp-json\/wp\/v2\/types\/page"}],"author":[{"embeddable":true,"href":"http:\/\/www.efg-siegen-weidenau.de\/start\/wp-json\/wp\/v2\/users\/1"}],"replies":[{"embeddable":true,"href":"http:\/\/www.efg-siegen-weidenau.de\/start\/wp-json\/wp\/v2\/comments?post=3180"}],"version-history":[{"count":5,"href":"http:\/\/www.efg-siegen-weidenau.de\/start\/wp-json\/wp\/v2\/pages\/3180\/revisions"}],"predecessor-version":[{"id":3195,"href":"http:\/\/www.efg-siegen-weidenau.de\/start\/wp-json\/wp\/v2\/pages\/3180\/revisions\/3195"}],"wp:attachment":[{"href":"http:\/\/www.efg-siegen-weidenau.de\/start\/wp-json\/wp\/v2\/media?parent=3180"}],"curies":[{"name":"wp","href":"https:\/\/api.w.org\/{rel}","templated":true}]}}