{"id":42,"date":"2013-01-31T21:44:29","date_gmt":"2013-01-31T19:44:29","guid":{"rendered":"http:\/\/www.efg-siegen-weidenau.de\/start\/?page_id=42"},"modified":"2013-02-04T20:01:42","modified_gmt":"2013-02-04T18:01:42","slug":"wer-wir-sind","status":"publish","type":"page","link":"http:\/\/www.efg-siegen-weidenau.de\/start\/wer-wir-sind\/","title":{"rendered":"wer wir sind"},"content":{"rendered":"<p><a href=\"http:\/\/www.efg-siegen-weidenau.de\/start\/wp-content\/uploads\/2013\/01\/blog-gemeindehaus-680x302.jpg\"><img loading=\"lazy\" class=\"size-full wp-image-145 alignnone\" alt=\"Gemeindehaus\" src=\"http:\/\/www.efg-siegen-weidenau.de\/start\/wp-content\/uploads\/2013\/01\/blog-gemeindehaus-680x302.jpg\" width=\"680\" height=\"302\" srcset=\"http:\/\/www.efg-siegen-weidenau.de\/start\/wp-content\/uploads\/2013\/01\/blog-gemeindehaus-680x302.jpg 680w, http:\/\/www.efg-siegen-weidenau.de\/start\/wp-content\/uploads\/2013\/01\/blog-gemeindehaus-680x302-300x133.jpg 300w\" sizes=\"(max-width: 680px) 100vw, 680px\" \/><\/a><\/p>\n<h3><\/h3>\n<h3><\/h3>\n<h3><\/h3>\n<h3><\/h3>\n<h3><\/h3>\n<h3><\/h3>\n<h3><\/h3>\n<h3>Wer wir sind, kann eigentlich nur der erfahren, der uns besucht.<\/h3>\n<p><span style=\"color: #333333;\">Trotzdem hier ein paar Antworten auf Fragen, die wir immer wieder gerne beantworten:<\/span><\/p>\n<ul>\n<li><span style=\"color: #333333;\">Was sind Grundlage und Aufgabe unserer Gemeinde?<\/span><\/li>\n<li><span style=\"color: #333333;\">Wie gro\u00df ist unsere Gemeinde?<\/span><\/li>\n<li><span style=\"color: #333333;\">Wo kommen wir eigentlich her?<\/span><\/li>\n<li><span style=\"color: #333333;\">Wer trifft die Entscheidungen in unserer Gemeinde?<\/span><\/li>\n<li><span style=\"color: #333333;\">Was kostet eine Mitgliedschaft?<\/span><\/li>\n<\/ul>\n<h3>Was sind Grundlage und Aufgabe unserer Gemeinde?<\/h3>\n<p><span style=\"color: #333333;\">Grundlage von Lehre und Leben unserer Gemeinde ist <strong>die Bibel<\/strong>. <\/span><a href=\"http:\/\/www.efg-siegen-weidenau.de\/start\/wp-content\/uploads\/2013\/01\/bul1.jpg\"><img loading=\"lazy\" class=\"size-full wp-image-30 alignright\" alt=\"Bibelstunde\" src=\"http:\/\/www.efg-siegen-weidenau.de\/start\/wp-content\/uploads\/2013\/01\/bul1.jpg\" width=\"219\" height=\"170\" \/><\/a><br \/>\n<span style=\"color: #333333;\">Wir bekennen <strong>Jesus Christus als Herrn und Erl\u00f6ser<\/strong> der Welt. <\/span><br \/>\n<span style=\"color: #333333;\"><strong>Unsere Aufgaben<\/strong> sind<\/span><\/p>\n<p><span style=\"color: #333333;\"><strong>Verk\u00fcndigung des Evangeliums<\/strong> von Jesus Christus in Wort und Schrift, <strong>geistliche Auferbauung<\/strong> der Mitglieder und Freunde durch regelm\u00e4\u00dfige Gottesdienste, die <strong>Seelsorge<\/strong>, die <strong>Pflege des praktischen Christentums<\/strong> die <strong>F\u00f6rderung der Kinder und Jugendlichen<\/strong> im christlichen Glauben.<\/span><\/p>\n<p><span style=\"color: #333333;\">Wir sehen unsere <strong>Mitverantwortung in der Gesellschaft<\/strong> und <strong>engagieren<\/strong> uns im <strong>sozialen Bereich<\/strong>, wir <strong>nehmen uns Bed\u00fcftiger an<\/strong> und bringen unseren Beitrag im Rahmen der <strong>Verantwortung f\u00fcr die Umwelt und die Eine Welt<\/strong>. <\/span><\/p>\n<h3><strong><span style=\"color: #333333;\"><a href=\"http:\/\/www.efg-siegen-weidenau.de\/start\/wp-content\/uploads\/2013\/01\/kinder2-200.jpg\"><img loading=\"lazy\" class=\"size-full wp-image-31 alignleft\" alt=\"Kinder der Gemeinde\" src=\"http:\/\/www.efg-siegen-weidenau.de\/start\/wp-content\/uploads\/2013\/01\/kinder2-200.jpg\" width=\"220\" height=\"172\" \/><\/a><\/span><\/strong>Wie gro\u00df ist unsere Gemeinde?<\/h3>\n<p><span style=\"color: #333333;\">Wir haben in unserer Gemeinde neben den Mitgliedern auch viele Freunde, die aktiv mitwirken. Dazu kommen noch all die vielen Kinder. So kann die Gr\u00f6\u00dfe nur ungef\u00e4hr angegeben werden, die sich st\u00e4ndig ver\u00e4ndert. <\/span><\/p>\n<p>&nbsp;<\/p>\n<p>Eine Gr\u00f6\u00dfenordnung w\u00e4re ungef\u00e4hr:<\/p>\n<ul>\n<li><span style=\"color: #333333;\"><strong>74 Mitglieder <\/strong><\/span><\/li>\n<li><span style=\"color: #333333;\"><strong>30 Freunde <\/strong><\/span><\/li>\n<li><span style=\"color: #333333;\"><strong>15 Kinder<\/strong><\/span><\/li>\n<\/ul>\n<p><span style=\"color: #333333;\"> also rund 120 Menschen.<\/span><\/p>\n<h3>Wo kommen wir eigentlich her?<\/h3>\n<p><span style=\"color: #333333;\">Unsere Gemeinde geh\u00f6rt zum <span style=\"color: #333333;\">&#8222;<a title=\"Bund Evangelisch-Freikirchlicher Gemeinden\" href=\"http:\/\/www.baptisten.de\/\" target=\"_blank\">Bund Evangelisch-Freikirchlicher Gemeinden in Deutschland K.d.\u00f6.R.<\/a>&#8220; <\/span> Dieser Bund <a href=\"http:\/\/www.efg-siegen-weidenau.de\/start\/wp-content\/uploads\/2013\/01\/band-200.jpg\"><img loading=\"lazy\" class=\"alignright\" alt=\"Gemeindeband\" src=\"http:\/\/www.efg-siegen-weidenau.de\/start\/wp-content\/uploads\/2013\/01\/band-200.jpg\" width=\"220\" height=\"156\" \/><\/a>entstand 1941 durch Zusammenschlu\u00df der Baptisten mit dem &#8222;Bund freikirchlicher Christen&#8220; und ist mit ca. 85.000 Mitgliedern eine der gr\u00f6\u00dften Freikirchen in Deutschland. Die <strong>Gemeinde Siegen-Weidenau wurde 1984<\/strong> von Mitgliedern der Baptistengemeinde in Siegen-Geisweid <strong>gegr\u00fcndet<\/strong>, die zun\u00e4chst in einem umgebauten Fr\u00fchst\u00fccksraum einer Fabrik in der K\u00e4nerbergstra\u00dfe eine neue Arbeit begannen. Von Anfang an bestimmte die Tatsache, da\u00df Gott uns Menschen annimmt, wie wir sind, unser Gemeindeleben. Bald arbeiteten Christen unterschiedlicher Herkunft in unserer Gemeinde mit. <strong>Seit 1987 sind wir eine eigenst\u00e4ndige Gemeinde<\/strong> im Bund Evangelisch-Freikirchlicher Gemeinden in Deutschland. 1993 wurde unser Gemeindehaus in der Engsbachstra\u00dfe fertiggestellt. <\/span><\/p>\n<p><span style=\"color: #333333;\"><a href=\"http:\/\/www.efg-siegen-weidenau.de\/start\/wp-content\/uploads\/2013\/01\/taufe-200.jpg\"><img loading=\"lazy\" class=\"size-full wp-image-33 alignleft\" alt=\"Taufe im Gemeindehaus\" src=\"http:\/\/www.efg-siegen-weidenau.de\/start\/wp-content\/uploads\/2013\/01\/taufe-200.jpg\" width=\"220\" height=\"149\" \/><\/a>Baptisten gibt es in England und Nordamerika seit dem Jahre 1609. Heute sind die Baptistengemeinden in etwa 100 L\u00e4ndern verbreitet und mit ca. 34 Millionen Mitgliedern (Kinder nicht mitgez\u00e4hlt) eine der st\u00e4rksten Gruppen des Weltprotestantismus. Die erste Gemeinde in Deutschland entstand 1834 in Hamburg durch den Kaufmann Johann Gerhard Oncken. Der Name &#8222;Baptisten&#8220; bedeutet &#8222;T\u00e4ufer&#8220; und macht damit einen Grundsatz unserer Gemeinde deutlich: Wie in allen Freikirchen steht die pers\u00f6nliche freie Entscheidung f\u00fcr eine Mitgliedschaft im Vordergrund. Die Baptistengemeinden praktizieren dabei die &#8222;Gl\u00e4ubigentaufe&#8220;, d.h. eine Taufe nach pers\u00f6nlicher Entscheidung f\u00fcr ein Leben mit Gott. Dabei verstehen wir uns selbstverst\u00e4ndlich als Teil der Kirche Jesu Christi. <\/span><\/p>\n<p><span style=\"color: #333333;\">Der <strong>Bund Evangelisch-Freikirchlicher Gemeinden<\/strong> in Deutschland <strong>geh\u00f6rt zur <\/strong>&#8222;<strong>Vereinigung evangelischer Freikirchen<\/strong>&#8220; und ist ebenfalls Mitglied der &#8222;<strong>Arbeitsgemeinschaft christlicher Kirchen in Deutschland (AcK)<\/strong>&#8222;. Unsere Gemeinde arbeitet in der regionalen AcK-Gruppe mit und ist den evangelischen, katholischen und freikirchlichen Nachbargemeinden freundschaftlich verbunden. <\/span><\/p>\n<h3>Wer trifft die Entscheidungen in unserer Gemeinde?<\/h3>\n<p><span style=\"color: #333333;\"><strong>Alle Angelegenheiten in unserer Gemeinde werden von der Gemeindeversammlung getroffe<\/strong>n, zu der sich alle Mitglieder und Freunde der Gemeinde einmal im Monat treffen. Dort wird \u00fcber aktuelle Themen, Aufgaben und Pl\u00e4ne gesprochen. Mu\u00df eine Entscheidung getroffen werden, dann geschieht dies auch gemeinsam. Es gibt keinen Einzelnen und keinen gew\u00e4hlten Kreis, der \u00fcber die Zukunft der Gemeinde entscheidet &#8211; <strong>wir tun dies gemeinsam<\/strong>.<\/span><\/p>\n<h3>Was kostet eine Mitgliedschaft?<\/h3>\n<p><span style=\"color: #333333;\"><strong> Feste Beitr\u00e4ge oder etwas \u00c4hnliches gibt es nicht<\/strong>. Bei uns herrscht das Prinzip der Freiwilligkeit. Jeder spendet der Gemeinde das, was er geben m\u00f6chte. Gleichzeitig mu\u00df unsere Gemeinde alles selbst bezahlen, wie zum Beispiel den Pastor, das Gemeindehaus, verschiedene Veranstaltungen und alles, was an Kosten sonst anf\u00e4llt. Dar\u00fcber hinaus unterst\u00fctzen wir eine Partnergemeinde in Nicaragua sowie einzelne Projekte in der ganzen Welt.<\/span><\/p>\n","protected":false},"excerpt":{"rendered":"<p>Wer wir sind, kann eigentlich nur der erfahren, der uns besucht. Trotzdem hier ein paar Antworten auf Fragen, die wir immer wieder gerne beantworten: Was sind Grundlage und Aufgabe unserer (&hellip;) <a href=\"http:\/\/www.efg-siegen-weidenau.de\/start\/wer-wir-sind\/\">Weiterlesen<\/a><\/p>\n","protected":false},"author":1,"featured_media":0,"parent":0,"menu_order":0,"comment_status":"closed","ping_status":"closed","template":"","meta":{"_bbp_topic_count":0,"_bbp_reply_count":0,"_bbp_total_topic_count":0,"_bbp_total_reply_count":0,"_bbp_voice_count":0,"_bbp_anonymous_reply_count":0,"_bbp_topic_count_hidden":0,"_bbp_reply_count_hidden":0,"_bbp_forum_subforum_count":0},"_links":{"self":[{"href":"http:\/\/www.efg-siegen-weidenau.de\/start\/wp-json\/wp\/v2\/pages\/42"}],"collection":[{"href":"http:\/\/www.efg-siegen-weidenau.de\/start\/wp-json\/wp\/v2\/pages"}],"about":[{"href":"http:\/\/www.efg-siegen-weidenau.de\/start\/wp-json\/wp\/v2\/types\/page"}],"author":[{"embeddable":true,"href":"http:\/\/www.efg-siegen-weidenau.de\/start\/wp-json\/wp\/v2\/users\/1"}],"replies":[{"embeddable":true,"href":"http:\/\/www.efg-siegen-weidenau.de\/start\/wp-json\/wp\/v2\/comments?post=42"}],"version-history":[{"count":16,"href":"http:\/\/www.efg-siegen-weidenau.de\/start\/wp-json\/wp\/v2\/pages\/42\/revisions"}],"predecessor-version":[{"id":48,"href":"http:\/\/www.efg-siegen-weidenau.de\/start\/wp-json\/wp\/v2\/pages\/42\/revisions\/48"}],"wp:attachment":[{"href":"http:\/\/www.efg-siegen-weidenau.de\/start\/wp-json\/wp\/v2\/media?parent=42"}],"curies":[{"name":"wp","href":"https:\/\/api.w.org\/{rel}","templated":true}]}}