{"id":69,"date":"2013-02-01T21:00:12","date_gmt":"2013-02-01T19:00:12","guid":{"rendered":"http:\/\/www.efg-siegen-weidenau.de\/start\/?page_id=69"},"modified":"2024-02-07T10:35:36","modified_gmt":"2024-02-07T09:35:36","slug":"leben-gestalten-lobpreis-mal-anders","status":"publish","type":"page","link":"http:\/\/www.efg-siegen-weidenau.de\/start\/leben-gestalten-lobpreis-mal-anders\/","title":{"rendered":"Leben gestalten &#8211; Lobpreis mal anders"},"content":{"rendered":"<p><a href=\"http:\/\/www.efg-siegen-weidenau.de\/start\/wp-content\/uploads\/2013\/02\/blog-tanzen-680x302.jpg\"><img loading=\"lazy\" class=\"alignnone size-full wp-image-169\" src=\"http:\/\/www.efg-siegen-weidenau.de\/start\/wp-content\/uploads\/2013\/02\/blog-tanzen-680x302.jpg\" alt=\"Tanzen\" width=\"680\" height=\"302\" srcset=\"http:\/\/www.efg-siegen-weidenau.de\/start\/wp-content\/uploads\/2013\/02\/blog-tanzen-680x302.jpg 680w, http:\/\/www.efg-siegen-weidenau.de\/start\/wp-content\/uploads\/2013\/02\/blog-tanzen-680x302-300x133.jpg 300w\" sizes=\"(max-width: 680px) 100vw, 680px\" \/><\/a><\/p>\n<p>&nbsp;<\/p>\n<ul>\n<li><span style=\"color: #333333;\"><strong>Ich lobe den Tanz<\/strong>, denn er befreit den Menschen von der Schwere der Dinge, bindet den Vereinzelten zur Gemeinschaft.<\/span><\/li>\n<li><span style=\"color: #333333;\"><strong>Ich lobe den Tanz<\/strong>, der alles fordert und f\u00f6rdert, Gesundheit und klaren Geist und eine beschwingte Seele.<\/span><\/li>\n<li><span style=\"color: #333333;\"><strong>Tanz ist Verwandlung des Raumes<\/strong>, der Zeit, des Menschen, der dauernd in Gefahr ist zu zerfallen, ganz Hirn, ganz Wille oder ganz Gef\u00fchl zu werden.<\/span><\/li>\n<li><span style=\"color: #333333;\"><strong>Der Tanz<\/strong> dagegen <strong>fordert den ganzen Menschen<\/strong>, der in der Mitte verankert ist. Der nicht besessen ist von der Begehrlichkeit nach Menschen und Dingen, noch von der D\u00e4monie der Verlassenheit im eigenen Ich.<\/span><\/li>\n<li><span style=\"color: #333333;\"><strong>Der Tanz fordert den befreiten<\/strong>, den schwingenden <strong>Menschen<\/strong> im Gleichgewicht aller Kr\u00e4fte. Ich lobe den Tanz!<\/span><\/li>\n<li><span style=\"color: #333333;\"><strong>O Mensch lerne tanzen<\/strong>, sonst wissen die Engel im Himmel nichts mit dir anzufangen!<\/span><\/li>\n<\/ul>\n<p><span style=\"color: #333333;\">&nbsp;&nbsp;&nbsp;&nbsp;&nbsp;&nbsp;&nbsp;&nbsp;&nbsp;&nbsp; <em>Augustinus<\/em><\/span><\/p>\n<p>&nbsp;<\/p>\n<p><span style=\"color: #333333;\"><strong>Pr\u00e4gnanter<\/strong>, als mit diesem&nbsp;&#8211; dem Kirchenvater Augustinus (354-430 nach Christus) zugeschriebenen&nbsp;&#8211; Text, l\u00e4sst sich kaum ausdr\u00fccken, was es bedeutet, in der Gemeinde zu tanzen. Erleben von Gemeinschaft und Konzentration auf das Wesentliches und zugleich in Bewegung sein, bewegt sein mit K\u00f6rper, Seele und Geist.<\/span><\/p>\n<p><span style=\"color: #333333;\"><strong><a href=\"http:\/\/www.efg-siegen-weidenau.de\/start\/wp-content\/uploads\/2013\/02\/tanz1.jpg\"><img loading=\"lazy\" class=\"alignright\" src=\"http:\/\/www.efg-siegen-weidenau.de\/start\/wp-content\/uploads\/2013\/02\/tanz1.jpg\" alt=\"Tanzen\" width=\"250\" height=\"167\"><\/a>Seit \u00fcber 25 Jahren<\/strong> ist das &#8222;Reigentanzen&#8220; fester Bestandteil unter den vielf\u00e4ltigen Angeboten der&nbsp;Evangelisch-Freikirchlichen Gemeinde Siegen-Weidenau. Woche f\u00fcr Woche treffen sich bis zu vierzig Teilnehmer im Tanzkreis, um miteinander \u201eim Tanz das Leben gelingen zu lassen&#8220;. Getanzt werden Kreisreigen internationaler Folklore, sowie j\u00fcngere Choreographien teils meditativer Art. Dabei sind die Gemeindemitglieder nicht in der \u00dcberzahl. Das offene Angebot f\u00fcr Jung und Alt versteht sich als Einladung an alle Menschen, die auf der Suche sind &#8211; auf der Suche nach christlicher Gemeinschaft, seelischer Entlastung und Erbauung sowie k\u00f6rperlicher St\u00e4rkung.<\/span><\/p>\n<p><span style=\"color: #333333;\"><a href=\"http:\/\/www.efg-siegen-weidenau.de\/start\/wp-content\/uploads\/2013\/02\/tanz2.jpg\"><img loading=\"lazy\" class=\"size-full wp-image-72 alignleft\" src=\"http:\/\/www.efg-siegen-weidenau.de\/start\/wp-content\/uploads\/2013\/02\/tanz2.jpg\" alt=\"tanz2\" width=\"250\" height=\"167\"><\/a><strong>Unter religi\u00f6sen T\u00e4nzen<\/strong> versteht Kerstin Kuppig: \u201eT\u00e4nze, die der Mensch verwendet, um seine Religiosit\u00e4t, seinen Glauben auszudr\u00fccken&#8220; &#8211; \u201eT\u00e4nze, in denen biblische Geschichten oder religi\u00f6se Themen\/Lieder versinnbildlicht und ausgedeutet werden.&#8220;<\/span><\/p>\n<p><span style=\"color: #333333;\"><strong>Bei anderen T\u00e4nzen<\/strong> werden allt\u00e4gliche Themen behandelt, wie Orientierung in Raum und Zeit, Begegnung und Abschied, Einteilung der Kr\u00e4fte, Selbsterfahrung und Gruppenerfahrung, Wahrnehmung und Ausdruck von Gef\u00fchlen. Manche T\u00e4nze handeln vom Pfl\u00fcgen und S\u00e4en, feiern den Fr\u00fchling und die anderen Jahreszeiten; es gibt T\u00e4nze zur Passion, zur Auferstehung zu Weihnachten. Da ist der Tanz der Elemente, der Hochzeitstanz, der Tanz der Weide, das Mirjamlied. Gegenst\u00e4nde, die Menschen fr\u00fcher im Tanz gefeiert haben, erinnern daran, dass es viel mehr Anl\u00e4sse zu Dankbarkeit, Lobpreis und Lebensfreude gibt, als oft bewusst ist.<\/span><\/p>\n<p><span style=\"color: #333333;\"><strong>Wir verstehen den \u201eFolkloretanz f\u00fcr Jung und Alt&#8220; als Lobpreis<\/strong> mit K\u00f6rper, Seele und Geist, als Verk\u00fcndigung des Evangeliums in Wort und Tat und als diakonischen Dienst an Gliedern der Gemeinde und an Bewohnern des Stadtteils. Bewegungsmangel sowie Prozesse der Vereinsamung und Verelendung werden als Probleme erkannt, denen vor allem Menschen jenseits der Berufst\u00e4tigkeit zunehmend ausgesetzt sind.<\/span><\/p>\n<p><span style=\"color: #333333;\"><a href=\"http:\/\/www.efg-siegen-weidenau.de\/start\/wp-content\/uploads\/2013\/02\/tanz3.jpg\"><img loading=\"lazy\" class=\"alignright size-full wp-image-73\" src=\"http:\/\/www.efg-siegen-weidenau.de\/start\/wp-content\/uploads\/2013\/02\/tanz3.jpg\" alt=\"Tanzen\" width=\"250\" height=\"167\"><\/a><strong>Kirchen haben<\/strong> mit ihrer Orientierung am Evangelium, das den ganzen Menschen meint, eine Perspektive, um Menschen in Not k\u00f6rperlich, seelisch und sozial zu dienen. Wir sind dankbar, dass wir den Tanz als M\u00f6glichkeit entdeckt haben, um Menschen in dieser Weise ganzheitlich zu dienen. Wir freuen uns, dass es immer wieder vorkommt, dass Leute sagen \u201emein Arzt hat mir dringend empfohlen, hierher zu kommen&#8220;.<\/span><\/p>\n<p><span style=\"color: #333333;\"><a href=\"http:\/\/www.efg-siegen-weidenau.de\/start\/wp-content\/uploads\/2013\/02\/tanz4.jpg\"><img loading=\"lazy\" class=\"alignright size-full wp-image-74\" src=\"http:\/\/www.efg-siegen-weidenau.de\/start\/wp-content\/uploads\/2013\/02\/tanz4.jpg\" alt=\"Tanzen\" width=\"250\" height=\"167\"><\/a><strong>Miteinander das Leben feiern<\/strong> und Lebensfreude teilen, aber auch Trauer und Leid tragen, findet im Tanz symbolischen Ausdruck. Die Teilnehmer des Tanzkreises bringen ihre Gem\u00fctsverfassung, ihr momentanes Sich-in-der-Welt-befinden nach au\u00dfen, sie bewegen es aus sich heraus, teilen sich Gott und den anwesenden Menschen mit. Zugleich findet eingebunden in die Choreographie des jeweiligen Tanzes eine Bewegung von au\u00dfen nach innen statt: Indem alle die Bewegung in einer vorgegebene Struktur und an der Musik orientiert teilen, formulieren sie eine Botschaft, die lautet: Du bist nicht allein; du bist aufgehoben im Kreis von Menschen, die mitf\u00fchlen und miterleben, und so, wie die Musik uns alle durchdringt, ist Gottes Liebe gegenw\u00e4rtig. <\/span><\/p>\n<p><span style=\"color: #333333;\"><strong>Angeleitet wird die Gruppe<\/strong> von einem Musiktherapeuten und zwei Musiktherapeutinnen. Diese nehmen jeweils eine thematische Zusammenstellung des 90-min\u00fctigen &#8222;Tanzprogramms&#8220; vor und begleiten die Gruppe, indem sie Bez\u00fcge zwischen Tanz und Alltagserleben herstellen. In der Gruppe schwingt etwas mit, was die Menschen auf besondere Weise ber\u00fchrt, und das ist nicht der Tanz allein, sondern das Angenommen- und R\u00fcckgebunden-sein. Zur \u201eKultur&#8220; der Gruppe geh\u00f6rt die Anteilnahme. Man achtet aufeinander und ist f\u00fcreinander da. Man erinnert an kranke Teilnehmer, es werden Besuche organisiert oder Kartengr\u00fc\u00dfe verschickt. Manche Teilnehmer bitten um Unterst\u00fctzung im Gebet bei Krankheit und in besonderen Lebenssituationen.<\/span><\/p>\n<p><span style=\"color: #333333;\"><strong>Teilnehmer \u00e4u\u00dfern sich \u00fcber den Tanz in der Gemeinde<\/strong> wie folgt: \u201eDieses Angebot tut meiner Seele gut!&#8220; \u201eDie Gruppe hat mich nach dem Tod meines Mannes aufgebaut.&#8220; \u201eBeim Folkloretanz vergesse ich Schmerzen und Einsam\u00adkeit.&#8220;<\/span><\/p>\n<p><span style=\"color: #333333;\">Hartmut Kapteina<br \/>\n<\/span><\/p>\n<p><span style=\"color: #333333;\">&nbsp;<\/span><\/p>\n","protected":false},"excerpt":{"rendered":"<p>&nbsp; Ich lobe den Tanz, denn er befreit den Menschen von der Schwere der Dinge, bindet den Vereinzelten zur Gemeinschaft. Ich lobe den Tanz, der alles fordert und f\u00f6rdert, Gesundheit (&hellip;) <a href=\"http:\/\/www.efg-siegen-weidenau.de\/start\/leben-gestalten-lobpreis-mal-anders\/\">Weiterlesen<\/a><\/p>\n","protected":false},"author":1,"featured_media":0,"parent":0,"menu_order":0,"comment_status":"closed","ping_status":"closed","template":"","meta":{"_bbp_topic_count":0,"_bbp_reply_count":0,"_bbp_total_topic_count":0,"_bbp_total_reply_count":0,"_bbp_voice_count":0,"_bbp_anonymous_reply_count":0,"_bbp_topic_count_hidden":0,"_bbp_reply_count_hidden":0,"_bbp_forum_subforum_count":0},"_links":{"self":[{"href":"http:\/\/www.efg-siegen-weidenau.de\/start\/wp-json\/wp\/v2\/pages\/69"}],"collection":[{"href":"http:\/\/www.efg-siegen-weidenau.de\/start\/wp-json\/wp\/v2\/pages"}],"about":[{"href":"http:\/\/www.efg-siegen-weidenau.de\/start\/wp-json\/wp\/v2\/types\/page"}],"author":[{"embeddable":true,"href":"http:\/\/www.efg-siegen-weidenau.de\/start\/wp-json\/wp\/v2\/users\/1"}],"replies":[{"embeddable":true,"href":"http:\/\/www.efg-siegen-weidenau.de\/start\/wp-json\/wp\/v2\/comments?post=69"}],"version-history":[{"count":8,"href":"http:\/\/www.efg-siegen-weidenau.de\/start\/wp-json\/wp\/v2\/pages\/69\/revisions"}],"predecessor-version":[{"id":4544,"href":"http:\/\/www.efg-siegen-weidenau.de\/start\/wp-json\/wp\/v2\/pages\/69\/revisions\/4544"}],"wp:attachment":[{"href":"http:\/\/www.efg-siegen-weidenau.de\/start\/wp-json\/wp\/v2\/media?parent=69"}],"curies":[{"name":"wp","href":"https:\/\/api.w.org\/{rel}","templated":true}]}}