{"id":90,"date":"2013-02-01T21:18:04","date_gmt":"2013-02-01T19:18:04","guid":{"rendered":"http:\/\/www.efg-siegen-weidenau.de\/start\/?page_id=90"},"modified":"2013-02-04T20:35:08","modified_gmt":"2013-02-04T18:35:08","slug":"90-2","status":"publish","type":"page","link":"http:\/\/www.efg-siegen-weidenau.de\/start\/90-2\/","title":{"rendered":"Wegbeschreibung"},"content":{"rendered":"<p><a href=\"http:\/\/www.efg-siegen-weidenau.de\/start\/wp-content\/uploads\/2013\/02\/blog-wegbeschreibung-680x302.jpg\"><img loading=\"lazy\" class=\"alignnone size-full wp-image-175\" alt=\"Wegbeschreibung\" src=\"http:\/\/www.efg-siegen-weidenau.de\/start\/wp-content\/uploads\/2013\/02\/blog-wegbeschreibung-680x302.jpg\" width=\"680\" height=\"302\" srcset=\"http:\/\/www.efg-siegen-weidenau.de\/start\/wp-content\/uploads\/2013\/02\/blog-wegbeschreibung-680x302.jpg 680w, http:\/\/www.efg-siegen-weidenau.de\/start\/wp-content\/uploads\/2013\/02\/blog-wegbeschreibung-680x302-300x133.jpg 300w\" sizes=\"(max-width: 680px) 100vw, 680px\" \/><\/a><\/p>\n<p><span style=\"color: #333333;\">Die Evangelisch-Freikirchliche Gemeinde Siegen-Weidenau befindet sich an\u00a0 der Engsbachstra\u00dfe in Weidenau, einem Ortsteil von Siegen der 1975 eingemeindet wurde. Weidenau ist auch der Ortsteil, wo sich die Universit\u00e4t befindet.<\/span><\/p>\n<p><a href=\"http:\/\/www.efg-siegen-weidenau.de\/start\/wp-content\/uploads\/2013\/02\/weg2.png\"><img loading=\"lazy\" class=\"alignleft size-full wp-image-95\" alt=\"Wegbeschreibung\" src=\"http:\/\/www.efg-siegen-weidenau.de\/start\/wp-content\/uploads\/2013\/02\/weg2.png\" width=\"369\" height=\"341\" srcset=\"http:\/\/www.efg-siegen-weidenau.de\/start\/wp-content\/uploads\/2013\/02\/weg2.png 369w, http:\/\/www.efg-siegen-weidenau.de\/start\/wp-content\/uploads\/2013\/02\/weg2-300x277.png 300w\" sizes=\"(max-width: 369px) 100vw, 369px\" \/><\/a><\/p>\n<p>&nbsp;<\/p>\n<p>&nbsp;<\/p>\n<p>&nbsp;<\/p>\n<p>&nbsp;<\/p>\n<p>&nbsp;<\/p>\n<p>&nbsp;<\/p>\n<p>&nbsp;<\/p>\n<p><span style=\"color: #333333;\">Wenn man von der Siegstra\u00dfe kommend rechts in die Engsbachstra\u00dfe einbiegt, f\u00fchrt die Stra\u00dfe nach wenigen Metern steil den Berg hoch. <\/span><br \/>\n<span style=\"color: #333333;\">Das Gemeindehaus liegt recht weit oben an der Engsbachstra\u00dfe, links gegen\u00fcber der hohen Studentenwohnheime, Hausnummer 61.<\/span><\/p>\n<ul>\n<li><a href=\"http:\/\/maps.google.de\/maps?f=q&amp;hl=de&amp;q=engsbachstrasse+61,+siegen&amp;ie=UTF8&amp;om=1&amp;z=12&amp;ll=50.879644,8.061905&amp;spn=0.103111,0.343323&amp;iwloc=A\" target=\"_blank\">Stra\u00dfenkarte bei Google-Map<\/a><\/li>\n<li><a href=\"http:\/\/maps.google.de\/maps?f=q&amp;hl=de&amp;q=engsbachstrasse+61,+siegen&amp;ie=UTF8&amp;om=1&amp;z=15&amp;ll=50.898892,8.034182&amp;spn=0.012884,0.042915&amp;iwloc=A\" target=\"_blank\">Detailkarte bei Google-Map<\/a><\/li>\n<\/ul>\n","protected":false},"excerpt":{"rendered":"<p>Die Evangelisch-Freikirchliche Gemeinde Siegen-Weidenau befindet sich an\u00a0 der Engsbachstra\u00dfe in Weidenau, einem Ortsteil von Siegen der 1975 eingemeindet wurde. Weidenau ist auch der Ortsteil, wo sich die Universit\u00e4t befindet. &nbsp; (&hellip;) <a href=\"http:\/\/www.efg-siegen-weidenau.de\/start\/90-2\/\">Weiterlesen<\/a><\/p>\n","protected":false},"author":1,"featured_media":0,"parent":0,"menu_order":0,"comment_status":"closed","ping_status":"closed","template":"","meta":{"_bbp_topic_count":0,"_bbp_reply_count":0,"_bbp_total_topic_count":0,"_bbp_total_reply_count":0,"_bbp_voice_count":0,"_bbp_anonymous_reply_count":0,"_bbp_topic_count_hidden":0,"_bbp_reply_count_hidden":0,"_bbp_forum_subforum_count":0},"_links":{"self":[{"href":"http:\/\/www.efg-siegen-weidenau.de\/start\/wp-json\/wp\/v2\/pages\/90"}],"collection":[{"href":"http:\/\/www.efg-siegen-weidenau.de\/start\/wp-json\/wp\/v2\/pages"}],"about":[{"href":"http:\/\/www.efg-siegen-weidenau.de\/start\/wp-json\/wp\/v2\/types\/page"}],"author":[{"embeddable":true,"href":"http:\/\/www.efg-siegen-weidenau.de\/start\/wp-json\/wp\/v2\/users\/1"}],"replies":[{"embeddable":true,"href":"http:\/\/www.efg-siegen-weidenau.de\/start\/wp-json\/wp\/v2\/comments?post=90"}],"version-history":[{"count":7,"href":"http:\/\/www.efg-siegen-weidenau.de\/start\/wp-json\/wp\/v2\/pages\/90\/revisions"}],"predecessor-version":[{"id":177,"href":"http:\/\/www.efg-siegen-weidenau.de\/start\/wp-json\/wp\/v2\/pages\/90\/revisions\/177"}],"wp:attachment":[{"href":"http:\/\/www.efg-siegen-weidenau.de\/start\/wp-json\/wp\/v2\/media?parent=90"}],"curies":[{"name":"wp","href":"https:\/\/api.w.org\/{rel}","templated":true}]}}